{"id":450,"date":"2014-09-26T17:23:32","date_gmt":"2014-09-26T17:23:32","guid":{"rendered":"http:\/\/192.168.1.104\/enfold-photography\/?page_id=21"},"modified":"2015-08-04T20:00:08","modified_gmt":"2015-08-04T20:00:08","slug":"about","status":"publish","type":"page","link":"https:\/\/www.bb-keramika.com\/?page_id=450","title":{"rendered":"O PODJETJU"},"content":{"rendered":"<div id='av-layout-grid-1'  class='av-layout-grid-container av-av_layout_row-44862bdf67ddfac6fa09da91f8f0e59b entry-content-wrapper main_color av-flex-cells  avia-builder-el-0  el_before_av_google_map  avia-builder-el-first   container_wrap fullsize'  >\n\n<style type=\"text\/css\" data-created_by=\"avia_inline_auto\" id=\"style-css-av-av_cell_one_third-e50991fd6d904191118d3671aa562f86\">\n.flex_cell.av-av_cell_one_third-e50991fd6d904191118d3671aa562f86{\nvertical-align:top;\n}\n.responsive #top #wrap_all .flex_cell.av-av_cell_one_third-e50991fd6d904191118d3671aa562f86{\npadding:30px 30px 30px 30px !important;\n}\n<\/style>\n<div class='flex_cell av-av_cell_one_third-e50991fd6d904191118d3671aa562f86 av-gridrow-cell av_one_third no_margin  avia-builder-el-1  el_before_av_cell_one_third  avia-builder-el-first  content-align-top'  ><div class='flex_cell_inner'><p>\n<style type=\"text\/css\" data-created_by=\"avia_inline_auto\" id=\"style-css-av-av_heading-66148a95e5b40306758effe2716de744\">\n#top .av-special-heading.av-av_heading-66148a95e5b40306758effe2716de744{\npadding-bottom:10px;\n}\nbody .av-special-heading.av-av_heading-66148a95e5b40306758effe2716de744 .av-special-heading-tag .heading-char{\nfont-size:25px;\n}\n.av-special-heading.av-av_heading-66148a95e5b40306758effe2716de744 .av-subheading{\nfont-size:15px;\n}\n<\/style>\n<div  class='av-special-heading av-av_heading-66148a95e5b40306758effe2716de744 av-special-heading-h2  avia-builder-el-2  el_before_av_textblock  avia-builder-el-first '><h2 class='av-special-heading-tag '  itemprop=\"headline\"  >Na\u0161a ponudba<\/h2><div class=\"special-heading-border\"><div class=\"special-heading-inner-border\"><\/div><\/div><\/div><br \/>\n<section  class='av_textblock_section av-av_textblock-e264c9546442b10f00949307f5dd61ff '   itemscope=\"itemscope\" itemtype=\"https:\/\/schema.org\/CreativeWork\" ><div class='avia_textblock'  itemprop=\"text\" ><p style=\"text-align: left;\">Potrebujete strokovno svetovanje pri nakupu talne in stenske keramike, sanitarne opreme in armatur?<\/p>\n<p style=\"text-align: left;\">Nudimo vam pestro nakupovalno izku\u0161njo s strokovnim svetovanjem in kratkimi dobavnimi roki. Odlo\u010ditev in izbira tako postane prepri\u010dljiva in enostavna. Na\u0161 nabor kerami\u010dnih plo\u0161\u010dic, armatur in sanitarnih elementov temelji na visoko kvalitetnih proizvajalcih iz Italije in \u0160panije, poleg tega poudarjamo nove trende, sodobne dizajne in razli\u010dne cenovne razrede.<\/p>\n<\/div><\/section><\/p>\n<\/div><\/div>\n<style type=\"text\/css\" data-created_by=\"avia_inline_auto\" id=\"style-css-av-av_cell_one_third-e50991fd6d904191118d3671aa562f86\">\n.flex_cell.av-av_cell_one_third-e50991fd6d904191118d3671aa562f86{\nvertical-align:top;\n}\n.responsive #top #wrap_all .flex_cell.av-av_cell_one_third-e50991fd6d904191118d3671aa562f86{\npadding:30px 30px 30px 30px !important;\n}\n<\/style>\n<div class='flex_cell av-av_cell_one_third-e50991fd6d904191118d3671aa562f86 av-gridrow-cell av_one_third no_margin  avia-builder-el-4  el_after_av_cell_one_third  el_before_av_cell_one_third  content-align-top'  ><div class='flex_cell_inner'><p>\n<style type=\"text\/css\" data-created_by=\"avia_inline_auto\" id=\"style-css-av-av_heading-2bd92b9bd7cec4db3c3bb5334fb43183\">\n#top .av-special-heading.av-av_heading-2bd92b9bd7cec4db3c3bb5334fb43183{\npadding-bottom:10px;\n}\nbody .av-special-heading.av-av_heading-2bd92b9bd7cec4db3c3bb5334fb43183 .av-special-heading-tag .heading-char{\nfont-size:25px;\n}\n.av-special-heading.av-av_heading-2bd92b9bd7cec4db3c3bb5334fb43183 .av-subheading{\nfont-size:15px;\n}\n<\/style>\n<div  class='av-special-heading av-av_heading-2bd92b9bd7cec4db3c3bb5334fb43183 av-special-heading-h2  avia-builder-el-5  el_before_av_textblock  avia-builder-el-first '><h2 class='av-special-heading-tag '  itemprop=\"headline\"  >Interier<\/h2><div class=\"special-heading-border\"><div class=\"special-heading-inner-border\"><\/div><\/div><\/div><br \/>\n<section  class='av_textblock_section av-av_textblock-0366cc7376be6c9e82a3e9cc8987b64f '   itemscope=\"itemscope\" itemtype=\"https:\/\/schema.org\/CreativeWork\" ><div class='avia_textblock'  itemprop=\"text\" ><p style=\"text-align: left;\">Intenzivni trendi uporabe kerami\u010dnih plo\u0161\u010dic v bivalnih prostorih so presegli obmo\u010dje kopalni\u0161ke uporabe. Ekskluzivne razli\u010dice kerami\u010dnih plo\u0161\u010dic lahko uporabimo tudi za popestritev sten in drugih povr\u0161in, prav tako zunanje tlake, fasadne obloge, salone, prodajalne, bare ter druge javne in zasebne prostore.<br \/>\nToplina inovativnosti in harmonije so lastnosti doma, ki jih barve in teksture v prostoru zagotovo bolje definirajo.<\/p>\n<\/div><\/section><\/p>\n<\/div><\/div>\n<style type=\"text\/css\" data-created_by=\"avia_inline_auto\" id=\"style-css-av-av_cell_one_third-e50991fd6d904191118d3671aa562f86\">\n.flex_cell.av-av_cell_one_third-e50991fd6d904191118d3671aa562f86{\nvertical-align:top;\n}\n.responsive #top #wrap_all .flex_cell.av-av_cell_one_third-e50991fd6d904191118d3671aa562f86{\npadding:30px 30px 30px 30px !important;\n}\n<\/style>\n<div class='flex_cell av-av_cell_one_third-e50991fd6d904191118d3671aa562f86 av-gridrow-cell av_one_third no_margin  avia-builder-el-7  el_after_av_cell_one_third  avia-builder-el-last  content-align-top'  ><div class='flex_cell_inner'><p>\n<style type=\"text\/css\" data-created_by=\"avia_inline_auto\" id=\"style-css-av-av_heading-22c7440e6d5963f052619dd4aaf4003e\">\n#top .av-special-heading.av-av_heading-22c7440e6d5963f052619dd4aaf4003e{\npadding-bottom:10px;\n}\nbody .av-special-heading.av-av_heading-22c7440e6d5963f052619dd4aaf4003e .av-special-heading-tag .heading-char{\nfont-size:25px;\n}\n.av-special-heading.av-av_heading-22c7440e6d5963f052619dd4aaf4003e .av-subheading{\nfont-size:15px;\n}\n<\/style>\n<div  class='av-special-heading av-av_heading-22c7440e6d5963f052619dd4aaf4003e av-special-heading-h2  avia-builder-el-8  el_before_av_textblock  avia-builder-el-first '><h2 class='av-special-heading-tag '  itemprop=\"headline\"  >Kje nas najdete<\/h2><div class=\"special-heading-border\"><div class=\"special-heading-inner-border\"><\/div><\/div><\/div><br \/>\n<section  class='av_textblock_section av-av_textblock-0366cc7376be6c9e82a3e9cc8987b64f '   itemscope=\"itemscope\" itemtype=\"https:\/\/schema.org\/CreativeWork\" ><div class='avia_textblock'  itemprop=\"text\" ><p style=\"text-align: justify;\">Obi\u0161\u010dite nas v razstavnem salonu v Poslovni coni Arnovski gozd, Arja vas 102, 3301 Petrov\u010de.<\/p>\n<p style=\"text-align: justify;\">Za obisk je priporo\u010dljiva predhodna najava.<\/p>\n<p><strong>Bb<br \/>\n<\/strong>Polona Cafuta s.p.<br \/>\nPre\u017eihova ulica 12<br \/>\n3000 CELJE<\/p>\n<p><strong>T:<\/strong> + 386 41 749 179<br \/>\n<strong>E:<\/strong>\u00a0Bb@Bb-keramika.com<br \/>\n<strong>W:<\/strong>\u00a0www.bb-keramika.com<\/p>\n<p><a href=\"https:\/\/www.bb-keramika.com\/wp-admin\">Administrator<\/a><\/p>\n<\/div><\/section><\/p>\n<\/div><\/div><\/div><div  class='av_gmaps_sc_main_wrap av_gmaps_main_wrap '><div id='av_gmap_0' class='avia-google-map-container avia-google-map-sc av_gmaps_show_unconditionally av-no-fallback-img ' data-mapid='av_gmap_0'  style='height: 400px;'><a class=\"av_gmaps_browser_disabled av_text_confirm_link av_text_confirm_link_visible\" href=\"https:\/\/www.google.com\/maps\/search\/?api=1&#038;query=Arja%20vas%20102%20%20Arja%20vas%20%20Slovenia\" target=\"_blank\">Maps were disabled by the visitor on this site. Click to open the map in a new window.<\/a><\/div><\/div><\/p>\n","protected":false},"excerpt":{"rendered":"","protected":false},"author":1,"featured_media":0,"parent":0,"menu_order":0,"comment_status":"open","ping_status":"open","template":"","meta":{"footnotes":""},"class_list":["post-450","page","type-page","status-publish","hentry"],"_links":{"self":[{"href":"https:\/\/www.bb-keramika.com\/index.php?rest_route=\/wp\/v2\/pages\/450","targetHints":{"allow":["GET"]}}],"collection":[{"href":"https:\/\/www.bb-keramika.com\/index.php?rest_route=\/wp\/v2\/pages"}],"about":[{"href":"https:\/\/www.bb-keramika.com\/index.php?rest_route=\/wp\/v2\/types\/page"}],"author":[{"embeddable":true,"href":"https:\/\/www.bb-keramika.com\/index.php?rest_route=\/wp\/v2\/users\/1"}],"replies":[{"embeddable":true,"href":"https:\/\/www.bb-keramika.com\/index.php?rest_route=%2Fwp%2Fv2%2Fcomments&post=450"}],"version-history":[{"count":23,"href":"https:\/\/www.bb-keramika.com\/index.php?rest_route=\/wp\/v2\/pages\/450\/revisions"}],"predecessor-version":[{"id":799,"href":"https:\/\/www.bb-keramika.com\/index.php?rest_route=\/wp\/v2\/pages\/450\/revisions\/799"}],"wp:attachment":[{"href":"https:\/\/www.bb-keramika.com\/index.php?rest_route=%2Fwp%2Fv2%2Fmedia&parent=450"}],"curies":[{"name":"wp","href":"https:\/\/api.w.org\/{rel}","templated":true}]}}