{"id":65,"date":"2014-08-25T14:08:41","date_gmt":"2014-08-25T14:08:41","guid":{"rendered":"http:\/\/192.168.1.104\/enfold-photography\/?page_id=2"},"modified":"2016-05-09T05:31:47","modified_gmt":"2016-05-09T05:31:47","slug":"frontpage-2","status":"publish","type":"page","link":"https:\/\/www.bb-keramika.com\/","title":{"rendered":"Frontpage"},"content":{"rendered":"<div id='full_slider_1'  class='avia-fullwidth-slider main_color avia-shadow   avia-builder-el-0  avia-builder-el-no-sibling   container_wrap fullsize'  >\n<style type=\"text\/css\" data-created_by=\"avia_inline_auto\" id=\"style-css-av-av_slideshow_full-5a478a7470f6c2146f6db02da6b953bd\">\n#top #wrap_all .avia-slideshow .av-slideshow-caption.av-av_slideshow_full-5a478a7470f6c2146f6db02da6b953bd__0 .avia-caption-title{\nfont-size:20px;\n}\n#top .avia-slideshow .av-slideshow-caption.av-av_slideshow_full-5a478a7470f6c2146f6db02da6b953bd__0 .avia-caption-content{\nfont-size:18px;\n}\n#top .avia-slideshow .av-slideshow-caption.av-av_slideshow_full-5a478a7470f6c2146f6db02da6b953bd__0 .avia-caption-content p{\nfont-size:18px;\n}\n#top #wrap_all .avia-slideshow .av-slideshow-caption.av-av_slideshow_full-5a478a7470f6c2146f6db02da6b953bd__1 .avia-caption-title{\nfont-size:20px;\n}\n#top .avia-slideshow .av-slideshow-caption.av-av_slideshow_full-5a478a7470f6c2146f6db02da6b953bd__1 .avia-caption-content{\nfont-size:18px;\n}\n#top .avia-slideshow .av-slideshow-caption.av-av_slideshow_full-5a478a7470f6c2146f6db02da6b953bd__1 .avia-caption-content p{\nfont-size:18px;\n}\n#top #wrap_all .avia-slideshow .av-slideshow-caption.av-av_slideshow_full-5a478a7470f6c2146f6db02da6b953bd__2 .avia-caption-title{\nfont-size:20px;\n}\n#top #wrap_all .avia-slideshow .av-slideshow-caption.av-av_slideshow_full-5a478a7470f6c2146f6db02da6b953bd__3 .avia-caption-title{\nfont-size:20px;\n}\n#top .avia-slideshow .av-slideshow-caption.av-av_slideshow_full-5a478a7470f6c2146f6db02da6b953bd__3 .avia-caption-content{\nfont-size:18px;\n}\n#top .avia-slideshow .av-slideshow-caption.av-av_slideshow_full-5a478a7470f6c2146f6db02da6b953bd__3 .avia-caption-content p{\nfont-size:18px;\n}\n#top #wrap_all .avia-slideshow .av-slideshow-caption.av-av_slideshow_full-5a478a7470f6c2146f6db02da6b953bd__4 .avia-caption-title{\nfont-size:20px;\n}\n#top .avia-slideshow .av-slideshow-caption.av-av_slideshow_full-5a478a7470f6c2146f6db02da6b953bd__4 .avia-caption-content{\nfont-size:18px;\n}\n#top .avia-slideshow .av-slideshow-caption.av-av_slideshow_full-5a478a7470f6c2146f6db02da6b953bd__4 .avia-caption-content p{\nfont-size:18px;\n}\n#top #wrap_all .avia-slideshow .av-slideshow-caption.av-av_slideshow_full-5a478a7470f6c2146f6db02da6b953bd__5 .avia-caption-title{\nfont-size:20px;\n}\n#top .avia-slideshow .av-slideshow-caption.av-av_slideshow_full-5a478a7470f6c2146f6db02da6b953bd__5 .avia-caption-content{\nfont-size:18px;\n}\n#top .avia-slideshow .av-slideshow-caption.av-av_slideshow_full-5a478a7470f6c2146f6db02da6b953bd__5 .avia-caption-content p{\nfont-size:18px;\n}\n#top #wrap_all .avia-slideshow .av-slideshow-caption.av-av_slideshow_full-5a478a7470f6c2146f6db02da6b953bd__6 .avia-caption-title{\nfont-size:20px;\n}\n#top .avia-slideshow .av-slideshow-caption.av-av_slideshow_full-5a478a7470f6c2146f6db02da6b953bd__6 .avia-caption-content{\nfont-size:18px;\n}\n#top .avia-slideshow .av-slideshow-caption.av-av_slideshow_full-5a478a7470f6c2146f6db02da6b953bd__6 .avia-caption-content p{\nfont-size:18px;\n}\n#top #wrap_all .avia-slideshow .av-slideshow-caption.av-av_slideshow_full-5a478a7470f6c2146f6db02da6b953bd__7 .avia-caption-title{\nfont-size:20px;\n}\n#top .avia-slideshow .av-slideshow-caption.av-av_slideshow_full-5a478a7470f6c2146f6db02da6b953bd__7 .avia-caption-content{\nfont-size:18px;\n}\n#top .avia-slideshow .av-slideshow-caption.av-av_slideshow_full-5a478a7470f6c2146f6db02da6b953bd__7 .avia-caption-content p{\nfont-size:18px;\n}\n#top #wrap_all .avia-slideshow .av-slideshow-caption.av-av_slideshow_full-5a478a7470f6c2146f6db02da6b953bd__9 .avia-caption-title{\nfont-size:25px;\n}\n#top .avia-slideshow .av-slideshow-caption.av-av_slideshow_full-5a478a7470f6c2146f6db02da6b953bd__9 .avia-caption-content{\nfont-size:18px;\n}\n#top .avia-slideshow .av-slideshow-caption.av-av_slideshow_full-5a478a7470f6c2146f6db02da6b953bd__9 .avia-caption-content p{\nfont-size:18px;\n}\n#top #wrap_all .avia-slideshow .av-slideshow-caption.av-av_slideshow_full-5a478a7470f6c2146f6db02da6b953bd__10 .avia-caption-title{\nfont-size:25px;\n}\n#top .avia-slideshow .av-slideshow-caption.av-av_slideshow_full-5a478a7470f6c2146f6db02da6b953bd__10 .avia-caption-content{\nfont-size:18px;\n}\n#top .avia-slideshow .av-slideshow-caption.av-av_slideshow_full-5a478a7470f6c2146f6db02da6b953bd__10 .avia-caption-content p{\nfont-size:18px;\n}\n#top #wrap_all .avia-slideshow .av-slideshow-caption.av-av_slideshow_full-5a478a7470f6c2146f6db02da6b953bd__11 .avia-caption-title{\nfont-size:25px;\n}\n#top .avia-slideshow .av-slideshow-caption.av-av_slideshow_full-5a478a7470f6c2146f6db02da6b953bd__11 .avia-caption-content{\nfont-size:18px;\n}\n#top .avia-slideshow .av-slideshow-caption.av-av_slideshow_full-5a478a7470f6c2146f6db02da6b953bd__11 .avia-caption-content p{\nfont-size:18px;\n}\n#top #wrap_all .avia-slideshow .av-slideshow-caption.av-av_slideshow_full-5a478a7470f6c2146f6db02da6b953bd__12 .avia-caption-title{\nfont-size:25px;\n}\n#top .avia-slideshow .av-slideshow-caption.av-av_slideshow_full-5a478a7470f6c2146f6db02da6b953bd__12 .avia-caption-content{\nfont-size:18px;\n}\n#top .avia-slideshow .av-slideshow-caption.av-av_slideshow_full-5a478a7470f6c2146f6db02da6b953bd__12 .avia-caption-content p{\nfont-size:18px;\n}\n#top #wrap_all .avia-slideshow .av-slideshow-caption.av-av_slideshow_full-5a478a7470f6c2146f6db02da6b953bd__13 .avia-caption-title{\nfont-size:25px;\n}\n#top .avia-slideshow .av-slideshow-caption.av-av_slideshow_full-5a478a7470f6c2146f6db02da6b953bd__13 .avia-caption-content{\nfont-size:18px;\n}\n#top .avia-slideshow .av-slideshow-caption.av-av_slideshow_full-5a478a7470f6c2146f6db02da6b953bd__13 .avia-caption-content p{\nfont-size:18px;\n}\n<\/style>\n<div  class='avia-slideshow av-av_slideshow_full-5a478a7470f6c2146f6db02da6b953bd avia-slideshow-extra_large av_slideshow_full avia-fade-slider av-slideshow-ui av-control-minimal av-slideshow-autoplay av-loop-endless av-loop-manual-endless av-default-height-applied   avia-slideshow-1' data-slideshow-options=\"{&quot;animation&quot;:&quot;fade&quot;,&quot;autoplay&quot;:true,&quot;loop_autoplay&quot;:&quot;endless&quot;,&quot;interval&quot;:5,&quot;loop_manual&quot;:&quot;manual-endless&quot;,&quot;autoplay_stopper&quot;:false,&quot;noNavigation&quot;:false,&quot;bg_slider&quot;:false,&quot;keep_padding&quot;:false,&quot;hoverpause&quot;:false,&quot;show_slide_delay&quot;:0}\"  itemprop=\"image\" itemscope=\"itemscope\" itemtype=\"https:\/\/schema.org\/ImageObject\" ><ul class='avia-slideshow-inner ' style='padding-bottom: 58.28125%;'><li  class='avia-slideshow-slide av-av_slideshow_full-5a478a7470f6c2146f6db02da6b953bd__0  slide-1 slide-odd'><div data-rel='slideshow-1' class='avia-slide-wrap '   ><div class='av-slideshow-caption av-av_slideshow_full-5a478a7470f6c2146f6db02da6b953bd__0 caption_fullwidth caption_bottom'><div class=\"container caption_container\"><div class=\"slideshow_caption\"><div class=\"slideshow_inner_caption\"><div class=\"slideshow_align_caption\"><h2 class='avia-caption-title '  itemprop=\"name\" >Nov mejnik v sanitarni keramiki...<\/h2><div class='avia-caption-content '  itemprop=\"description\" ><p>Najtanj\u0161a sanitarna keramika, le 5 mm debeline.<\/p>\n<\/div><\/div><\/div><\/div><\/div><\/div><img fetchpriority=\"high\" class=\"wp-image-747 avia-img-lazy-loading-not-747\"  src='https:\/\/www.bb-keramika.com\/wp-content\/uploads\/2015\/07\/Prodotti-189515.jpg' width='1280' height='746' title='Prodotti-189515' alt=''  itemprop=\"thumbnailUrl\"   \/><\/div><\/li><li  class='avia-slideshow-slide av-av_slideshow_full-5a478a7470f6c2146f6db02da6b953bd__1  slide-2 slide-even'><div data-rel='slideshow-1' class='avia-slide-wrap '   ><div class='av-slideshow-caption av-av_slideshow_full-5a478a7470f6c2146f6db02da6b953bd__1 caption_fullwidth caption_right'><div class=\"container caption_container\"><div class=\"slideshow_caption\"><div class=\"slideshow_inner_caption\"><div class=\"slideshow_align_caption\"><h2 class='avia-caption-title '  itemprop=\"name\" >Kreativnost, design, interier<\/h2><div class='avia-caption-content '  itemprop=\"description\" ><p>Keramika priznanih italijanskih in \u0161panskih proizvajalcev.<\/p>\n<\/div><\/div><\/div><\/div><\/div><\/div><img fetchpriority=\"high\" class=\"wp-image-566 avia-img-lazy-loading-not-566\"  src='https:\/\/www.bb-keramika.com\/wp-content\/uploads\/2015\/04\/tamita_metal_pavimento_living.jpg' width='1280' height='746' title='tamita_metal_pavimento_living' alt=''  itemprop=\"thumbnailUrl\"   \/><\/div><\/li><li  class='avia-slideshow-slide av-av_slideshow_full-5a478a7470f6c2146f6db02da6b953bd__2  slide-3 slide-odd'><div data-rel='slideshow-1' class='avia-slide-wrap '   ><div class='av-slideshow-caption av-av_slideshow_full-5a478a7470f6c2146f6db02da6b953bd__2 caption_fullwidth caption_bottom'><div class=\"container caption_container\"><div class=\"slideshow_caption\"><div class=\"slideshow_inner_caption\"><div class=\"slideshow_align_caption\"><h2 class='avia-caption-title '  itemprop=\"name\" >3D KERAMIKA<\/h2><\/div><\/div><\/div><\/div><\/div><img fetchpriority=\"high\" class=\"wp-image-753 avia-img-lazy-loading-not-753\"  src='https:\/\/www.bb-keramika.com\/wp-content\/uploads\/2014\/08\/Mutina-Tierras.jpg' width='1280' height='746' title='Mutina-Tierras' alt=''  itemprop=\"thumbnailUrl\"   \/><\/div><\/li><li  class='avia-slideshow-slide av-av_slideshow_full-5a478a7470f6c2146f6db02da6b953bd__3  slide-4 slide-even'><div data-rel='slideshow-1' class='avia-slide-wrap '   ><div class='av-slideshow-caption av-av_slideshow_full-5a478a7470f6c2146f6db02da6b953bd__3 caption_fullwidth caption_bottom'><div class=\"container caption_container\"><div class=\"slideshow_caption\"><div class=\"slideshow_inner_caption\"><div class=\"slideshow_align_caption\"><h2 class='avia-caption-title '  itemprop=\"name\" >Keramika, ki poudarja lastnosti lesa<\/h2><div class='avia-caption-content '  itemprop=\"description\" ><p>Keramika v imitaciji lesa, poudarja naravne lastnosti in strukturo lesa.<\/p>\n<\/div><\/div><\/div><\/div><\/div><\/div><img fetchpriority=\"high\" class=\"wp-image-548 avia-img-lazy-loading-not-548\"  src='https:\/\/www.bb-keramika.com\/wp-content\/uploads\/2015\/04\/french_woods_larch.jpg' width='995' height='580' title='french_woods_larch' alt=''  itemprop=\"thumbnailUrl\"   \/><\/div><\/li><li  class='avia-slideshow-slide av-av_slideshow_full-5a478a7470f6c2146f6db02da6b953bd__4  slide-5 slide-odd'><div data-rel='slideshow-1' class='avia-slide-wrap '   ><div class='av-slideshow-caption av-av_slideshow_full-5a478a7470f6c2146f6db02da6b953bd__4 caption_fullwidth caption_bottom'><div class=\"container caption_container\"><div class=\"slideshow_caption\"><div class=\"slideshow_inner_caption\"><div class=\"slideshow_align_caption\"><h2 class='avia-caption-title '  itemprop=\"name\" >Kopalni\u0161ka oprema<\/h2><\/div><\/div><\/div><\/div><\/div><img fetchpriority=\"high\" class=\"wp-image-652 avia-img-lazy-loading-not-652\"  src='https:\/\/www.bb-keramika.com\/wp-content\/uploads\/2015\/04\/shui_b21.jpg' width='1000' height='700' title='shui_b2' alt=''  itemprop=\"thumbnailUrl\"   \/><\/div><\/li><li  class='avia-slideshow-slide av-av_slideshow_full-5a478a7470f6c2146f6db02da6b953bd__5  slide-6 slide-even'><div data-rel='slideshow-1' class='avia-slide-wrap '   ><div class='av-slideshow-caption av-av_slideshow_full-5a478a7470f6c2146f6db02da6b953bd__5 caption_fullwidth caption_bottom'><div class=\"container caption_container\"><div class=\"slideshow_caption\"><div class=\"slideshow_inner_caption\"><div class=\"slideshow_align_caption\"><h2 class='avia-caption-title '  itemprop=\"name\" >Sanitarna oprema<\/h2><\/div><\/div><\/div><\/div><\/div><img fetchpriority=\"high\" class=\"wp-image-651 avia-img-lazy-loading-not-651\"  src='https:\/\/www.bb-keramika.com\/wp-content\/uploads\/2015\/04\/shui_b11.jpg' width='1000' height='700' title='shui_b1' alt=''  itemprop=\"thumbnailUrl\"   \/><\/div><\/li><li  class='avia-slideshow-slide av-av_slideshow_full-5a478a7470f6c2146f6db02da6b953bd__6  slide-7 slide-odd'><div data-rel='slideshow-1' class='avia-slide-wrap '   ><div class='av-slideshow-caption av-av_slideshow_full-5a478a7470f6c2146f6db02da6b953bd__6 caption_fullwidth caption_bottom'><div class=\"container caption_container\"><div class=\"slideshow_caption\"><div class=\"slideshow_inner_caption\"><div class=\"slideshow_align_caption\"><h2 class='avia-caption-title '  itemprop=\"name\" >REINTERPRETACIJA TRADICIJE<\/h2><div class='avia-caption-content '  itemprop=\"description\" ><p>&#8230;inovativne grafi\u010dne povr\u0161ine, ki ponazarjajo tradicijo&#8230;<\/p>\n<\/div><\/div><\/div><\/div><\/div><\/div><img fetchpriority=\"high\" class=\"wp-image-559 avia-img-lazy-loading-not-559\"  src='https:\/\/www.bb-keramika.com\/wp-content\/uploads\/2015\/04\/PALAZZO-bagno_oro_rivestimento_palazzo.jpg' width='1280' height='746' title='PALAZZO-bagno_oro_rivestimento_palazzo' alt=''  itemprop=\"thumbnailUrl\"   \/><\/div><\/li><li  class='avia-slideshow-slide av-av_slideshow_full-5a478a7470f6c2146f6db02da6b953bd__7  slide-8 slide-even'><div data-rel='slideshow-1' class='avia-slide-wrap '   ><div class='av-slideshow-caption av-av_slideshow_full-5a478a7470f6c2146f6db02da6b953bd__7 caption_fullwidth caption_bottom'><div class=\"container caption_container\"><div class=\"slideshow_caption\"><div class=\"slideshow_inner_caption\"><div class=\"slideshow_align_caption\"><h2 class='avia-caption-title '  itemprop=\"name\" >...spet dekor...\u0161e dekor...povsod dekor...<\/h2><\/div><\/div><\/div><\/div><\/div><img fetchpriority=\"high\" class=\"wp-image-561 avia-img-lazy-loading-not-561\"  src='https:\/\/www.bb-keramika.com\/wp-content\/uploads\/2015\/04\/reload-living-decoro-moderno-titanium.jpg' width='1280' height='746' title='reload-living-decoro-moderno-titanium' alt=''  itemprop=\"thumbnailUrl\"   \/><\/div><\/li><li  class='avia-slideshow-slide av-av_slideshow_full-5a478a7470f6c2146f6db02da6b953bd__8  slide-9 slide-odd'><div data-rel='slideshow-1' class='avia-slide-wrap '   ><div class='av-slideshow-caption av-av_slideshow_full-5a478a7470f6c2146f6db02da6b953bd__8 caption_fullwidth caption_bottom'><div class=\"container caption_container\"><div class=\"slideshow_caption\"><div class=\"slideshow_inner_caption\"><div class=\"slideshow_align_caption\"><h2 class='avia-caption-title '  itemprop=\"name\" >Armature<\/h2><\/div><\/div><\/div><\/div><\/div><img fetchpriority=\"high\" class=\"wp-image-567 avia-img-lazy-loading-not-567\"  src='https:\/\/www.bb-keramika.com\/wp-content\/uploads\/2015\/04\/Time-1.jpg' width='1280' height='746' title='Time-1' alt=''  itemprop=\"thumbnailUrl\"   \/><\/div><\/li><li  class='avia-slideshow-slide av-av_slideshow_full-5a478a7470f6c2146f6db02da6b953bd__9  slide-10 slide-even'><div data-rel='slideshow-1' class='avia-slide-wrap '   ><div class='av-slideshow-caption av-av_slideshow_full-5a478a7470f6c2146f6db02da6b953bd__9 caption_fullwidth caption_bottom'><div class=\"container caption_container\"><div class=\"slideshow_caption\"><div class=\"slideshow_inner_caption\"><div class=\"slideshow_align_caption\"><h2 class='avia-caption-title '  itemprop=\"name\" >Dekorativna keramika<\/h2><div class='avia-caption-content '  itemprop=\"description\" ><p>Keramika z vzorcem lesa in grafike v toplem in hladnem odtenku. Igra, ki omogo\u010da ve\u010d kombinacij grafi\u010dnih elementov na tleh.<br \/>\nNeskon\u010dne preproge dekoracije za vsako hi\u0161o in prostor.<\/p>\n<\/div><\/div><\/div><\/div><\/div><\/div><img fetchpriority=\"high\" class=\"wp-image-568 avia-img-lazy-loading-not-568\"  src='https:\/\/www.bb-keramika.com\/wp-content\/uploads\/2015\/04\/VintageHo.jpg' width='1280' height='746' title='VintageHo' alt=''  itemprop=\"thumbnailUrl\"   \/><\/div><\/li><li  class='avia-slideshow-slide av-av_slideshow_full-5a478a7470f6c2146f6db02da6b953bd__10  slide-11 slide-odd'><div data-rel='slideshow-1' class='avia-slide-wrap '   ><img fetchpriority=\"high\" class=\"wp-image-552 avia-img-lazy-loading-not-552\"  src='https:\/\/www.bb-keramika.com\/wp-content\/uploads\/2015\/04\/legiare_b1.jpg' width='1280' height='746' title='legiare_b1' alt=''  itemprop=\"thumbnailUrl\"   \/><\/div><\/li><li  class='avia-slideshow-slide av-av_slideshow_full-5a478a7470f6c2146f6db02da6b953bd__11  slide-12 slide-even'><div data-rel='slideshow-1' class='avia-slide-wrap '   ><img fetchpriority=\"high\" class=\"wp-image-555 avia-img-lazy-loading-not-555\"  src='https:\/\/www.bb-keramika.com\/wp-content\/uploads\/2015\/04\/moving_beige_pavimento.jpg' width='1280' height='746' title='moving_beige_pavimento' alt=''  itemprop=\"thumbnailUrl\"   \/><\/div><\/li><li  class='avia-slideshow-slide av-av_slideshow_full-5a478a7470f6c2146f6db02da6b953bd__12  slide-13 slide-odd'><div data-rel='slideshow-1' class='avia-slide-wrap '   ><img fetchpriority=\"high\" class=\"wp-image-554 avia-img-lazy-loading-not-554\"  src='https:\/\/www.bb-keramika.com\/wp-content\/uploads\/2015\/04\/MELT-rivestimento_melt_beige_bagno.jpg' width='1280' height='746' title='MELT-rivestimento_melt_beige_bagno' alt=''  itemprop=\"thumbnailUrl\"   \/><\/div><\/li><li  class='avia-slideshow-slide av-av_slideshow_full-5a478a7470f6c2146f6db02da6b953bd__13  slide-14 slide-even'><div data-rel='slideshow-1' class='avia-slide-wrap '   ><img fetchpriority=\"high\" class=\"wp-image-560 avia-img-lazy-loading-not-560\"  src='https:\/\/www.bb-keramika.com\/wp-content\/uploads\/2015\/04\/reload-02-stone-60x60-e-mos-3d.jpg' width='1280' height='746' title='reload-02-stone-60x60-e-mos-3d' alt=''  itemprop=\"thumbnailUrl\"   \/><\/div><\/li><\/ul><div class='avia-slideshow-arrows avia-slideshow-controls' ><a href='#prev' class='prev-slide  avia-svg-icon avia-font-svg_entypo-fontello' data-av_svg_icon='left-open-big' data-av_iconset='svg_entypo-fontello' tabindex='-1' title=\"Previous\"><svg version=\"1.1\" xmlns=\"http:\/\/www.w3.org\/2000\/svg\" width=\"15\" height=\"32\" viewBox=\"0 0 15 32\" preserveAspectRatio=\"xMidYMid meet\" aria-labelledby='av-svg-title-1' aria-describedby='av-svg-desc-1' role=\"graphics-symbol\" aria-hidden=\"true\">\n<title id='av-svg-title-1'>Previous<\/title>\n<desc id='av-svg-desc-1'>Previous<\/desc>\n<path d=\"M14.464 27.84q0.832 0.832 0 1.536-0.832 0.832-1.536 0l-12.544-12.608q-0.768-0.768 0-1.6l12.544-12.608q0.704-0.832 1.536 0 0.832 0.704 0 1.536l-11.456 11.904z\"><\/path>\n<\/svg><span class='avia_hidden_link_text'>Previous<\/span><\/a><a href='#next' class='next-slide  avia-svg-icon avia-font-svg_entypo-fontello' data-av_svg_icon='right-open-big' data-av_iconset='svg_entypo-fontello' tabindex='-1' title=\"Next\"><svg version=\"1.1\" xmlns=\"http:\/\/www.w3.org\/2000\/svg\" width=\"15\" height=\"32\" viewBox=\"0 0 15 32\" preserveAspectRatio=\"xMidYMid meet\" aria-labelledby='av-svg-title-2' aria-describedby='av-svg-desc-2' role=\"graphics-symbol\" aria-hidden=\"true\">\n<title id='av-svg-title-2'>Next<\/title>\n<desc id='av-svg-desc-2'>Next<\/desc>\n<path d=\"M0.416 27.84l11.456-11.84-11.456-11.904q-0.832-0.832 0-1.536 0.832-0.832 1.536 0l12.544 12.608q0.768 0.832 0 1.6l-12.544 12.608q-0.704 0.832-1.536 0-0.832-0.704 0-1.536z\"><\/path>\n<\/svg><span class='avia_hidden_link_text'>Next<\/span><\/a><\/div><div class='avia-slideshow-dots avia-slideshow-controls'><a href='#1' class='goto-slide active' >1<\/a><a href='#2' class='goto-slide ' >2<\/a><a href='#3' class='goto-slide ' >3<\/a><a href='#4' class='goto-slide ' >4<\/a><a href='#5' class='goto-slide ' >5<\/a><a href='#6' class='goto-slide ' >6<\/a><a href='#7' class='goto-slide ' >7<\/a><a href='#8' class='goto-slide ' >8<\/a><a href='#9' class='goto-slide ' >9<\/a><a href='#10' class='goto-slide ' >10<\/a><a href='#11' class='goto-slide ' >11<\/a><a href='#12' class='goto-slide ' >12<\/a><a href='#13' class='goto-slide ' >13<\/a><a href='#14' class='goto-slide ' >14<\/a><\/div><\/div><\/div>\n","protected":false},"excerpt":{"rendered":"","protected":false},"author":1,"featured_media":0,"parent":0,"menu_order":0,"comment_status":"open","ping_status":"open","template":"","meta":{"footnotes":""},"class_list":["post-65","page","type-page","status-publish","hentry"],"_links":{"self":[{"href":"https:\/\/www.bb-keramika.com\/index.php?rest_route=\/wp\/v2\/pages\/65","targetHints":{"allow":["GET"]}}],"collection":[{"href":"https:\/\/www.bb-keramika.com\/index.php?rest_route=\/wp\/v2\/pages"}],"about":[{"href":"https:\/\/www.bb-keramika.com\/index.php?rest_route=\/wp\/v2\/types\/page"}],"author":[{"embeddable":true,"href":"https:\/\/www.bb-keramika.com\/index.php?rest_route=\/wp\/v2\/users\/1"}],"replies":[{"embeddable":true,"href":"https:\/\/www.bb-keramika.com\/index.php?rest_route=%2Fwp%2Fv2%2Fcomments&post=65"}],"version-history":[{"count":43,"href":"https:\/\/www.bb-keramika.com\/index.php?rest_route=\/wp\/v2\/pages\/65\/revisions"}],"predecessor-version":[{"id":834,"href":"https:\/\/www.bb-keramika.com\/index.php?rest_route=\/wp\/v2\/pages\/65\/revisions\/834"}],"wp:attachment":[{"href":"https:\/\/www.bb-keramika.com\/index.php?rest_route=%2Fwp%2Fv2%2Fmedia&parent=65"}],"curies":[{"name":"wp","href":"https:\/\/api.w.org\/{rel}","templated":true}]}}