{"id":772,"date":"2015-07-14T11:33:48","date_gmt":"2015-07-14T11:33:48","guid":{"rendered":"http:\/\/www.bb-keramika.com\/?page_id=772"},"modified":"2015-07-14T12:15:36","modified_gmt":"2015-07-14T12:15:36","slug":"kontakt","status":"publish","type":"page","link":"https:\/\/www.bb-keramika.com\/?page_id=772","title":{"rendered":"KONTAKT"},"content":{"rendered":"<div id='av-layout-grid-1'  class='av-layout-grid-container av-av_layout_row-44862bdf67ddfac6fa09da91f8f0e59b entry-content-wrapper main_color av-flex-cells  avia-builder-el-0  el_before_av_google_map  avia-builder-el-first   container_wrap fullsize'  >\n\n<style type=\"text\/css\" data-created_by=\"avia_inline_auto\" id=\"style-css-av-av_cell_one_third-e50991fd6d904191118d3671aa562f86\">\n.flex_cell.av-av_cell_one_third-e50991fd6d904191118d3671aa562f86{\nvertical-align:top;\n}\n.responsive #top #wrap_all .flex_cell.av-av_cell_one_third-e50991fd6d904191118d3671aa562f86{\npadding:30px 30px 30px 30px !important;\n}\n<\/style>\n<div class='flex_cell av-av_cell_one_third-e50991fd6d904191118d3671aa562f86 av-gridrow-cell av_one_third no_margin  avia-builder-el-1  el_before_av_cell_one_third  avia-builder-el-first  content-align-top'  ><div class='flex_cell_inner'><p>\n<style type=\"text\/css\" data-created_by=\"avia_inline_auto\" id=\"style-css-av-av_heading-961cac086c59ad95dd635da906bceeae\">\n#top .av-special-heading.av-av_heading-961cac086c59ad95dd635da906bceeae{\npadding-bottom:10px;\n}\nbody .av-special-heading.av-av_heading-961cac086c59ad95dd635da906bceeae .av-special-heading-tag .heading-char{\nfont-size:25px;\n}\n.av-special-heading.av-av_heading-961cac086c59ad95dd635da906bceeae .av-subheading{\nfont-size:15px;\n}\n<\/style>\n<div  class='av-special-heading av-av_heading-961cac086c59ad95dd635da906bceeae av-special-heading-h2  avia-builder-el-2  el_before_av_textblock  avia-builder-el-first '><h2 class='av-special-heading-tag '  itemprop=\"headline\"  >Kje nas najdete?<\/h2><div class=\"special-heading-border\"><div class=\"special-heading-inner-border\"><\/div><\/div><\/div><br \/>\n<section  class='av_textblock_section av-av_textblock-0366cc7376be6c9e82a3e9cc8987b64f '   itemscope=\"itemscope\" itemtype=\"https:\/\/schema.org\/CreativeWork\" ><div class='avia_textblock'  itemprop=\"text\" ><p style=\"text-align: justify;\">Obi\u0161\u010dite nas v razstavnem salonu v Poslovni coni Arnovski gozd, Arja vas 102, 3301 Petrov\u010de.<\/p>\n<p style=\"text-align: justify;\">Za obisk je priporo\u010dljiva predhodna najava.<\/p>\n<p><strong>Bb<br \/>\n<\/strong>Polona Cafuta s.p.<br \/>\nPre\u017eihova ulica 12<br \/>\n3000 CELJE<\/p>\n<p><strong>T:<\/strong> + 386 41 749 179<br \/>\n<strong>E:<\/strong>\u00a0Bb@Bb-keramika.com<br \/>\n<strong>W:<\/strong>\u00a0www.bb-keramika.com<\/p>\n<\/div><\/section><\/p>\n<\/div><\/div>\n<style type=\"text\/css\" data-created_by=\"avia_inline_auto\" id=\"style-css-av-av_cell_one_third-e50991fd6d904191118d3671aa562f86\">\n.flex_cell.av-av_cell_one_third-e50991fd6d904191118d3671aa562f86{\nvertical-align:top;\n}\n.responsive #top #wrap_all .flex_cell.av-av_cell_one_third-e50991fd6d904191118d3671aa562f86{\npadding:30px 30px 30px 30px !important;\n}\n<\/style>\n<div class='flex_cell av-av_cell_one_third-e50991fd6d904191118d3671aa562f86 av-gridrow-cell av_one_third no_margin  avia-builder-el-4  el_after_av_cell_one_third  el_before_av_cell_one_third  content-align-top'  ><div class='flex_cell_inner'><div  class='flex_column av-av_one_full-2a9015ff38129c418a3f2eafba3e9512 av_one_full  avia-builder-el-5  avia-builder-el-no-sibling  first flex_column_div  '     ><style type=\"text\/css\" data-created_by=\"avia_inline_auto\" id=\"style-css-av-av_image-ba15daf005dc9330347b0804f8d1ccbd\">\n.avia-image-container.av-av_image-ba15daf005dc9330347b0804f8d1ccbd img.avia_image{\nbox-shadow:none;\n}\n.avia-image-container.av-av_image-ba15daf005dc9330347b0804f8d1ccbd .av-image-caption-overlay-center{\ncolor:#ffffff;\n}\n<\/style>\n<div  class='avia-image-container av-av_image-ba15daf005dc9330347b0804f8d1ccbd av-styling- avia-align-center  avia-builder-el-6  avia-builder-el-no-sibling '   itemprop=\"image\" itemscope=\"itemscope\" itemtype=\"https:\/\/schema.org\/ImageObject\" ><div class=\"avia-image-container-inner\"><div class=\"avia-image-overlay-wrap\"><img fetchpriority=\"high\" class='wp-image-787 avia-img-lazy-loading-not-787 avia_image ' src='https:\/\/www.bb-keramika.com\/wp-content\/uploads\/2015\/07\/lokacija2.jpg' alt='' title='lokacija2'  height=\"634\" width=\"1077\"  itemprop=\"thumbnailUrl\"  \/><\/div><\/div><\/div><\/div>\n<\/div><\/div>\n<style type=\"text\/css\" data-created_by=\"avia_inline_auto\" id=\"style-css-av-av_cell_one_third-e50991fd6d904191118d3671aa562f86\">\n.flex_cell.av-av_cell_one_third-e50991fd6d904191118d3671aa562f86{\nvertical-align:top;\n}\n.responsive #top #wrap_all .flex_cell.av-av_cell_one_third-e50991fd6d904191118d3671aa562f86{\npadding:30px 30px 30px 30px !important;\n}\n<\/style>\n<div class='flex_cell av-av_cell_one_third-e50991fd6d904191118d3671aa562f86 av-gridrow-cell av_one_third no_margin  avia-builder-el-7  el_after_av_cell_one_third  avia-builder-el-last  content-align-top'  ><div class='flex_cell_inner'><div  class='flex_column av-av_one_full-2a9015ff38129c418a3f2eafba3e9512 av_one_full  avia-builder-el-8  avia-builder-el-no-sibling  first flex_column_div  '     ><style type=\"text\/css\" data-created_by=\"avia_inline_auto\" id=\"style-css-av-av_image-8a0a8ba9c212b7a79a91a866fdaedb77\">\n.avia-image-container.av-av_image-8a0a8ba9c212b7a79a91a866fdaedb77 img.avia_image{\nbox-shadow:none;\n}\n.avia-image-container.av-av_image-8a0a8ba9c212b7a79a91a866fdaedb77 .av-image-caption-overlay-center{\ncolor:#ffffff;\n}\n<\/style>\n<div  class='avia-image-container av-av_image-8a0a8ba9c212b7a79a91a866fdaedb77 av-styling- avia-align-center  avia-builder-el-9  avia-builder-el-no-sibling '   itemprop=\"image\" itemscope=\"itemscope\" itemtype=\"https:\/\/schema.org\/ImageObject\" ><div class=\"avia-image-container-inner\"><div class=\"avia-image-overlay-wrap\"><img fetchpriority=\"high\" class='wp-image-780 avia-img-lazy-loading-not-780 avia_image ' src='https:\/\/www.bb-keramika.com\/wp-content\/uploads\/2015\/07\/lokacija.jpg' alt='' title='lokacija'  height=\"634\" width=\"1077\"  itemprop=\"thumbnailUrl\"  \/><\/div><\/div><\/div><\/div>\n<\/div><\/div><\/div><div  class='av_gmaps_sc_main_wrap av_gmaps_main_wrap '><div id='av_gmap_0' class='avia-google-map-container avia-google-map-sc av_gmaps_show_unconditionally av-no-fallback-img ' data-mapid='av_gmap_0'  style='height: 400px;'><a class=\"av_gmaps_browser_disabled av_text_confirm_link av_text_confirm_link_visible\" href=\"https:\/\/www.google.com\/maps\/search\/?api=1&#038;query=Arja%20vas%20102%20%20Arja%20vas%20%20Slovenia\" target=\"_blank\">Maps were disabled by the visitor on this site. Click to open the map in a new window.<\/a><\/div><\/div><\/p>\n","protected":false},"excerpt":{"rendered":"","protected":false},"author":1,"featured_media":0,"parent":0,"menu_order":0,"comment_status":"open","ping_status":"open","template":"","meta":{"footnotes":""},"class_list":["post-772","page","type-page","status-publish","hentry"],"_links":{"self":[{"href":"https:\/\/www.bb-keramika.com\/index.php?rest_route=\/wp\/v2\/pages\/772","targetHints":{"allow":["GET"]}}],"collection":[{"href":"https:\/\/www.bb-keramika.com\/index.php?rest_route=\/wp\/v2\/pages"}],"about":[{"href":"https:\/\/www.bb-keramika.com\/index.php?rest_route=\/wp\/v2\/types\/page"}],"author":[{"embeddable":true,"href":"https:\/\/www.bb-keramika.com\/index.php?rest_route=\/wp\/v2\/users\/1"}],"replies":[{"embeddable":true,"href":"https:\/\/www.bb-keramika.com\/index.php?rest_route=%2Fwp%2Fv2%2Fcomments&post=772"}],"version-history":[{"count":14,"href":"https:\/\/www.bb-keramika.com\/index.php?rest_route=\/wp\/v2\/pages\/772\/revisions"}],"predecessor-version":[{"id":774,"href":"https:\/\/www.bb-keramika.com\/index.php?rest_route=\/wp\/v2\/pages\/772\/revisions\/774"}],"wp:attachment":[{"href":"https:\/\/www.bb-keramika.com\/index.php?rest_route=%2Fwp%2Fv2%2Fmedia&parent=772"}],"curies":[{"name":"wp","href":"https:\/\/api.w.org\/{rel}","templated":true}]}}